{"id":631,"date":"2016-07-12T09:44:36","date_gmt":"2016-07-12T07:44:36","guid":{"rendered":"http:\/\/www.arceum.se\/?page_id=631"},"modified":"2024-10-18T16:39:35","modified_gmt":"2024-10-18T14:39:35","slug":"the-peace-prize-litter-2","status":"publish","type":"page","link":"https:\/\/www.arceum.se\/?page_id=631","title":{"rendered":"The Peace Prize litter 2016"},"content":{"rendered":"<p style=\"text-align: center;\">D.O.B: 2016-05-23<br \/>\n2 males, 4 females<\/p>\n<p style=\"text-align: center;\"><a href=\"http:\/\/www.arceum.se\/wp-content\/uploads\/2016\/07\/image.jpeg\"><img loading=\"lazy\" decoding=\"async\" class=\" size-full wp-image-632 aligncenter\" src=\"http:\/\/www.arceum.se\/wp-content\/uploads\/2016\/07\/image.jpeg\" alt=\"image\" width=\"2023\" height=\"1223\" \/><\/a><\/p>\n<p style=\"text-align: center;\">COI 1,17 %, both parents eye checked clear.<\/p>\n<p style=\"text-align: center;\"><a href=\"https:\/\/italiangreyhound.breedarchive.com\/animal\/testmating?dam_uuid=07592b1f-f4c7-41c7-9e83-87ec234f72b3&amp;sire_uuid=2ad958fa-7b48-47f5-a166-ab9981211959\" target=\"_blank\" rel=\"noopener noreferrer\">Litter pedigree &#8211; The Italian Greyhound Archive<\/a><\/p>\n<p style=\"text-align: center;\">In March 2016 we went with our Lily to Brussels just after the horrifying bombings in the city core, where serveral people lost their lives. We strongly reject all kind of terror, injustices, war and exposedness no matter nationality, gender or beliefs, and therefore this litter is named after men and women who have been honored as<br \/>\nNobel Peace Prize winners.<\/p>\n<hr \/>\n<h3 style=\"text-align: center;\">Arceum&#8217;s Cordell<\/h3>\n<p><a href=\"http:\/\/www.arceum.se\/wp-content\/uploads\/2016\/07\/image2.jpeg\"><img loading=\"lazy\" decoding=\"async\" class=\" size-full wp-image-634 aligncenter\" src=\"http:\/\/www.arceum.se\/wp-content\/uploads\/2016\/07\/image2.jpeg\" alt=\"image\" width=\"800\" height=\"534\" \/><\/a><\/p>\n<p style=\"text-align: center;\"><i>\u00a0&#8220;Lasse&#8221;<br \/>\nShowed with Exc<br \/>\nOwners: \u00c5sa and Stefan H\u00e4llgren, Skellefte\u00e5<\/i><\/p>\n<hr \/>\n<h3 style=\"text-align: center;\">Arceum&#8217;s Tenzin<\/h3>\n<p style=\"text-align: center;\">SE NO FI NORD EE CH<\/p>\n<p><a href=\"http:\/\/www.arceum.se\/wp-content\/uploads\/2016\/07\/image4.jpeg\"><img loading=\"lazy\" decoding=\"async\" class=\"alignnone size-full wp-image-636\" src=\"http:\/\/www.arceum.se\/wp-content\/uploads\/2016\/07\/image4.jpeg\" alt=\"image\" width=\"800\" height=\"534\" \/><\/a><\/p>\n<p style=\"text-align: center;\"><i>\u00a0&#8220;Milou&#8221;<br \/>\nSwedish, Norwegian, Finnish, Estonian show champion<br \/>\nLure coursing license<br \/>\nOwner: Michael Smedlund, Ume\u00e5<\/i><\/p>\n<hr \/>\n<h3 style=\"text-align: center;\">Arceum&#8217;s Leymah<\/h3>\n<p><a href=\"http:\/\/www.arceum.se\/wp-content\/uploads\/2016\/07\/image3.jpeg\"><img loading=\"lazy\" decoding=\"async\" class=\" size-full wp-image-635 aligncenter\" src=\"http:\/\/www.arceum.se\/wp-content\/uploads\/2016\/07\/image3.jpeg\" alt=\"image\" width=\"800\" height=\"534\" \/><\/a><\/p>\n<p style=\"text-align: center;\"><i>&#8220;Leymah\u201d<br \/>\nOwner: Christina Hultdin, Ume\u00e5\u00a0<\/i><\/p>\n<hr \/>\n<h3 style=\"text-align: center;\">Arceum&#8217;s Wangari<\/h3>\n<p><a href=\"http:\/\/www.arceum.se\/wp-content\/uploads\/2016\/07\/image5.jpeg\"><img loading=\"lazy\" decoding=\"async\" class=\" size-full wp-image-637 aligncenter\" src=\"http:\/\/www.arceum.se\/wp-content\/uploads\/2016\/07\/image5.jpeg\" alt=\"image\" width=\"800\" height=\"534\" \/><\/a><\/p>\n<p style=\"text-align: center;\"><i>&#8220;Tesla&#8221;<br \/>\nShowed with Exc<br \/>\nOwner: Eva Jonsson, Kristinehamn<\/i><\/p>\n<hr \/>\n<h3 style=\"text-align: center;\">Arceum&#8217;s Teresa<\/h3>\n<p><a href=\"http:\/\/www.arceum.se\/wp-content\/uploads\/2016\/07\/image1.jpeg\"><img loading=\"lazy\" decoding=\"async\" class=\" size-full wp-image-633 aligncenter\" src=\"http:\/\/www.arceum.se\/wp-content\/uploads\/2016\/07\/image1.jpeg\" alt=\"image\" width=\"800\" height=\"534\" \/><\/a><\/p>\n<p style=\"text-align: center;\"><i>&#8220;Teresa&#8221;<br \/>\nBB-4, Exc CQ<br \/>\n<\/i><i>Lure coursing license<br \/>\nOwner: Kerstin Thelin, Ume\u00e5<\/i><\/p>\n<hr \/>\n<h3 style=\"text-align: center;\">Arceum&#8217;s Shirin<\/h3>\n<p style=\"text-align: center;\">SE UCH<\/p>\n<p><a href=\"http:\/\/www.arceum.se\/wp-content\/uploads\/2016\/07\/image6.jpeg\"><img loading=\"lazy\" decoding=\"async\" class=\"alignnone size-full wp-image-638\" src=\"http:\/\/www.arceum.se\/wp-content\/uploads\/2016\/07\/image6.jpeg\" alt=\"image\" width=\"800\" height=\"534\" \/><\/a><\/p>\n<p style=\"text-align: center;\"><i>&#8220;Shirin&#8221;<br \/>\nSee her page <a href=\"http:\/\/www.arceum.se\/?page_id=682\" target=\"_blank\" rel=\"noopener noreferrer\">HERE<\/a>!<br \/>\nOwners: Arceum&#8217;s<\/i><\/p>\n","protected":false},"excerpt":{"rendered":"<p>D.O.B: 2016-05-23 2 males, 4 females COI 1,17 %, both parents eye checked clear. Litter pedigree &#8211; The Italian Greyhound Archive In March 2016 we went with our Lily to Brussels just after the horrifying bombings in the city core, where serveral people lost their &hellip; <a href=\"https:\/\/www.arceum.se\/?page_id=631\" class=\"more-link\"><span>Continue reading<span class=\"screen-reader-text\">The Peace Prize litter 2016<\/span><\/span><\/a><\/p>\n","protected":false},"author":1,"featured_media":0,"parent":37,"menu_order":3,"comment_status":"closed","ping_status":"closed","template":"","meta":{"footnotes":""},"class_list":["post-631","page","type-page","status-publish","hentry"],"_links":{"self":[{"href":"https:\/\/www.arceum.se\/index.php?rest_route=\/wp\/v2\/pages\/631"}],"collection":[{"href":"https:\/\/www.arceum.se\/index.php?rest_route=\/wp\/v2\/pages"}],"about":[{"href":"https:\/\/www.arceum.se\/index.php?rest_route=\/wp\/v2\/types\/page"}],"author":[{"embeddable":true,"href":"https:\/\/www.arceum.se\/index.php?rest_route=\/wp\/v2\/users\/1"}],"replies":[{"embeddable":true,"href":"https:\/\/www.arceum.se\/index.php?rest_route=%2Fwp%2Fv2%2Fcomments&post=631"}],"version-history":[{"count":27,"href":"https:\/\/www.arceum.se\/index.php?rest_route=\/wp\/v2\/pages\/631\/revisions"}],"predecessor-version":[{"id":1420,"href":"https:\/\/www.arceum.se\/index.php?rest_route=\/wp\/v2\/pages\/631\/revisions\/1420"}],"up":[{"embeddable":true,"href":"https:\/\/www.arceum.se\/index.php?rest_route=\/wp\/v2\/pages\/37"}],"wp:attachment":[{"href":"https:\/\/www.arceum.se\/index.php?rest_route=%2Fwp%2Fv2%2Fmedia&parent=631"}],"curies":[{"name":"wp","href":"https:\/\/api.w.org\/{rel}","templated":true}]}}